{"id":2868,"date":"2025-06-13T21:06:28","date_gmt":"2025-06-13T21:06:28","guid":{"rendered":"https:\/\/doloreshidalgo.gob.mx\/oficial\/?page_id=2868"},"modified":"2026-01-03T05:34:35","modified_gmt":"2026-01-03T05:34:35","slug":"predial","status":"publish","type":"page","link":"https:\/\/doloreshidalgo.gob.mx\/oficial\/predial\/","title":{"rendered":"Predial"},"content":{"rendered":"\t\t<div data-elementor-type=\"wp-page\" data-elementor-id=\"2868\" class=\"elementor elementor-2868\" data-elementor-post-type=\"page\">\n\t\t\t\t<div class=\"elementor-element elementor-element-4814df0 e-flex e-con-boxed e-con e-parent\" data-id=\"4814df0\" data-element_type=\"container\">\n\t\t\t\t\t<div class=\"e-con-inner\">\n\t\t\t\t<div class=\"elementor-element elementor-element-d1e0c0e elementor-widget elementor-widget-html\" data-id=\"d1e0c0e\" data-element_type=\"widget\" data-widget_type=\"html.default\">\n\t\t\t\t<div class=\"elementor-widget-container\">\n\t\t\t\t\t<div style=\"text-align: center; margin: 20px auto;\">\n  <!-- Bot\u00f3n de Paga tu predial -->\n  <a href=\"http:\/\/189.254.221.170\/simprecad.php\" target=\"_blank\"\n     style=\"display: inline-block; margin: 10px; padding: 15px 25px; background-color: #0056b3; color: #fff; text-decoration: none; border-radius: 8px; font-weight: bold; transition: background-color 0.3s ease;\">\n    PAGA AQU\u00cd TU PREDIAL EN L\u00cdNEA\n  <\/a>\n\n  <!-- Bot\u00f3n para abrir formulario -->\n  <button\n    onclick=\"document.getElementById('formFactura').style.display='block';\"\n    style=\"display: inline-block; margin: 10px; padding: 15px 25px; background-color: #0056b3; color: #fff; border: none; border-radius: 8px; font-weight: bold; cursor: pointer; transition: background-color 0.3s ease;\">\n    SOLICITA UNA FACTURA DE TU PAGO\n  <\/button>\n\n  <!-- Formulario oculto inicialmente -->\n  <div id=\"formFactura\" style=\"display:none; margin-top: 20px;\">\n    <form action=\"mailto:facturasdhpresial@gmail.com\" method=\"post\" enctype=\"text\/plain\"\n          style=\"max-width: 400px; margin: 0 auto; text-align: left;\">\n      <label>Nombre completo:<br>\n        <input type=\"text\" name=\"nombre\" required style=\"width:100%; padding:8px; margin:5px 0;\">\n      <\/label>\n      <label>Correo electr\u00f3nico:<br>\n        <input type=\"email\" name=\"email\" required style=\"width:100%; padding:8px; margin:5px 0;\">\n      <\/label>\n      <label>Cuenta predial:<br>\n        <input type=\"text\" name=\"cuenta_predial\" required style=\"width:100%; padding:8px; margin:5px 0;\">\n      <\/label>\n      <label>Tel\u00e9fono:<br>\n        <input type=\"tel\" name=\"telefono\" style=\"width:100%; padding:8px; margin:5px 0;\">\n      <\/label>\n      <label>Comentarios adicionales:<br>\n        <textarea name=\"comentarios\" rows=\"4\" style=\"width:100%; padding:8px; margin:5px 0;\"><\/textarea>\n      <\/label>\n      <button type=\"submit\"\n              style=\"background-color: #0056b3; color: #fff; padding: 10px 20px; border: none; border-radius: 5px; margin-top:10px; cursor: pointer;\">\n        Enviar solicitud\n      <\/button>\n    <\/form>\n  <\/div>\n<\/div>\n\n<!-- Animaci\u00f3n de hover en botones -->\n<style>\n  a:hover, button:hover {\n    background-color: #003c80 !important;\n  }\n  @media (max-width: 600px) {\n    a, button {\n      width: 100% !important;\n      box-sizing: border-box;\n    }\n  }\n<\/style>\n\t\t\t\t<\/div>\n\t\t\t\t<\/div>\n\t\t\t\t\t<\/div>\n\t\t\t\t<\/div>\n\t\t\t\t<\/div>\n\t\t","protected":false},"excerpt":{"rendered":"<p>PAGA AQU\u00cd TU PREDIAL EN L\u00cdNEA SOLICITA UNA FACTURA DE TU PAGO Nombre completo: Correo electr\u00f3nico: Cuenta predial: Tel\u00e9fono: Comentarios adicionales: Enviar solicitud<\/p>\n","protected":false},"author":2,"featured_media":0,"parent":0,"menu_order":0,"comment_status":"closed","ping_status":"closed","template":"elementor_header_footer","meta":{"footnotes":""},"class_list":["post-2868","page","type-page","status-publish","hentry"],"_links":{"self":[{"href":"https:\/\/doloreshidalgo.gob.mx\/oficial\/wp-json\/wp\/v2\/pages\/2868","targetHints":{"allow":["GET"]}}],"collection":[{"href":"https:\/\/doloreshidalgo.gob.mx\/oficial\/wp-json\/wp\/v2\/pages"}],"about":[{"href":"https:\/\/doloreshidalgo.gob.mx\/oficial\/wp-json\/wp\/v2\/types\/page"}],"author":[{"embeddable":true,"href":"https:\/\/doloreshidalgo.gob.mx\/oficial\/wp-json\/wp\/v2\/users\/2"}],"replies":[{"embeddable":true,"href":"https:\/\/doloreshidalgo.gob.mx\/oficial\/wp-json\/wp\/v2\/comments?post=2868"}],"version-history":[{"count":13,"href":"https:\/\/doloreshidalgo.gob.mx\/oficial\/wp-json\/wp\/v2\/pages\/2868\/revisions"}],"predecessor-version":[{"id":2985,"href":"https:\/\/doloreshidalgo.gob.mx\/oficial\/wp-json\/wp\/v2\/pages\/2868\/revisions\/2985"}],"wp:attachment":[{"href":"https:\/\/doloreshidalgo.gob.mx\/oficial\/wp-json\/wp\/v2\/media?parent=2868"}],"curies":[{"name":"wp","href":"https:\/\/api.w.org\/{rel}","templated":true}]}}